{"id":41,"date":"2018-05-15T19:25:14","date_gmt":"2018-05-15T19:25:14","guid":{"rendered":"http:\/\/numeronove.eu\/?page_id=41"},"modified":"2018-05-15T19:25:14","modified_gmt":"2018-05-15T19:25:14","slug":"castello-sforzesco","status":"publish","type":"page","link":"https:\/\/numeronove.eu\/?page_id=41","title":{"rendered":"CASTELLO SFORZESCO"},"content":{"rendered":"<header class=\"entry-header\">\n<h1 class=\"entry-title\" style=\"text-align: center;\">CASTELLO SFORZESCO<\/h1>\n<\/header>\n<div class=\"entry-content\">\n<div id=\"attachment_203\" class=\"wp-caption alignnone\"><img loading=\"lazy\" class=\"size-full wp-image-203 aligncenter\" src=\"http:\/\/www.greyrooms.it\/wp-content\/uploads\/2017\/06\/Castello-Sforzesco.png\" alt=\"\" width=\"190\" height=\"80\" \/><\/p>\n<p class=\"wp-caption-text\" style=\"text-align: center;\"><a href=\"https:\/\/www.milanocastello.it\/\">https:\/\/www.milanocastello.it\/<\/a><\/p>\n<\/div>\n<div id=\"attachment_208\" class=\"wp-caption aligncenter\"><img loading=\"lazy\" class=\" wp-image-208\" src=\"http:\/\/www.greyrooms.it\/wp-content\/uploads\/2017\/06\/castello-sforzesco-di-milano-300x105.jpg\" sizes=\"(max-width: 666px) 100vw, 666px\" srcset=\"http:\/\/www.greyrooms.it\/wp-content\/uploads\/2017\/06\/castello-sforzesco-di-milano-300x105.jpg 300w, http:\/\/www.greyrooms.it\/wp-content\/uploads\/2017\/06\/castello-sforzesco-di-milano-768x269.jpg 768w, http:\/\/www.greyrooms.it\/wp-content\/uploads\/2017\/06\/castello-sforzesco-di-milano-1024x358.jpg 1024w\" alt=\"\" width=\"666\" height=\"233\" \/><\/p>\n<p class=\"wp-caption-text\">Il Castello Sforzesco (Castell Sforzesch in dialetto milanese, IPA: [kas\u02c8t\u025bl sfur\u02c8\u02a6esk]) \u00e8 uno dei principali simboli di Milano e della sua storia<\/p>\n<\/div>\n<div id=\"bodyContent\" class=\"mw-body-content\">\n<div><\/div>\n<p>Da Wikipedia, l\u2019enciclopedia libera.<\/p>\n<div>Il\u00a0<b>Castello Sforzesco<\/b>\u00a0(<i>Castell Sforzesch<\/i>\u00a0in\u00a0<a title=\"Dialetto milanese\" href=\"https:\/\/it.wikipedia.org\/wiki\/Dialetto_milanese\">dialetto milanese<\/a>,\u00a0<a title=\"Alfabeto fonetico internazionale\" href=\"https:\/\/it.wikipedia.org\/wiki\/Alfabeto_fonetico_internazionale\">IPA<\/a>:\u00a0<a title=\"Aiuto:IPA\" href=\"https:\/\/it.wikipedia.org\/wiki\/Aiuto:IPA\"><span class=\"IPA\" title=\"Questa \u00e8 una trascrizione IPA della pronuncia. Vedere l'alfabeto fonetico internazionale.\">[kas\u02c8t\u025bl sfur\u02c8\u02a6esk]<\/span><\/a>) \u00e8 uno dei principali simboli di\u00a0<a title=\"Milano\" href=\"https:\/\/it.wikipedia.org\/wiki\/Milano\">Milano<\/a>\u00a0e della sua storia.<sup id=\"cite_ref-TCI1_1-0\" class=\"reference\"><a href=\"https:\/\/it.wikipedia.org\/wiki\/Castello_Sforzesco#cite_note-TCI1-1\">[1]<\/a><\/sup>\u00a0Fu costruito nel\u00a0<a title=\"XV secolo\" href=\"https:\/\/it.wikipedia.org\/wiki\/XV_secolo\">XV secolo<\/a>\u00a0da\u00a0<a title=\"Francesco Sforza\" href=\"https:\/\/it.wikipedia.org\/wiki\/Francesco_Sforza\">Francesco Sforza<\/a>, divenuto da poco\u00a0<a title=\"Ducato di Milano\" href=\"https:\/\/it.wikipedia.org\/wiki\/Ducato_di_Milano\">Duca di Milano<\/a>, sui resti di una precedente fortificazione risalente al\u00a0<a title=\"XIV secolo\" href=\"https:\/\/it.wikipedia.org\/wiki\/XIV_secolo\">XIV secolo<\/a>\u00a0nota come\u00a0<i>Castrum Porte Jovis<\/i>\u00a0(Castello di porta Giovia o Zobia), e nei secoli ha subito notevoli trasformazioni. Fra il\u00a0<a title=\"XVI secolo\" href=\"https:\/\/it.wikipedia.org\/wiki\/XVI_secolo\">Cinquecento<\/a>\u00a0e il\u00a0<a title=\"XVII secolo\" href=\"https:\/\/it.wikipedia.org\/wiki\/XVII_secolo\">Seicento<\/a>\u00a0era una delle principali cittadelle militari d\u2019Europa; restaurato in stile storicista da\u00a0<a title=\"Luca Beltrami\" href=\"https:\/\/it.wikipedia.org\/wiki\/Luca_Beltrami\">Luca Beltrami<\/a>\u00a0tra il 1890 e il 1905, ora \u00e8 sede di importanti istituzioni culturali e meta turistica. \u00c8 uno dei pi\u00f9 grandi castelli d\u2019Europa.<\/div>\n<\/div>\n<div><\/div>\n<div>Sito dal quale \u00e8 stato reperito il materiale :\u00a0<a href=\"https:\/\/it.wikipedia.org\/wiki\/Castello_Sforzesco\">https:\/\/it.wikipedia.org\/wiki\/Castello_Sforzesco<\/a><\/div>\n<div><a href=\"http:\/\/castellinelmondo.altervista.org\/it\/castello\/italia\/lombardia\/castello-sforzesco-di-milano\/\">http:\/\/castellinelmondo.altervista.org\/it\/castello\/italia\/lombardia\/castello-sforzesco-di-milano\/<\/a><\/div>\n<\/div>\n","protected":false},"excerpt":{"rendered":"<p>CASTELLO SFORZESCO https:\/\/www.milanocastello.it\/ Il Castello Sforzesco (Castell Sforzesch in dialetto milanese, IPA: [kas\u02c8t\u025bl sfur\u02c8\u02a6esk]) \u00e8 uno dei principali simboli di Milano e della sua storia Da Wikipedia, l\u2019enciclopedia libera. Il\u00a0Castello Sforzesco\u00a0(Castell Sforzesch\u00a0in\u00a0dialetto milanese,\u00a0IPA:\u00a0[kas\u02c8t\u025bl sfur\u02c8\u02a6esk]) \u00e8 uno dei principali simboli di\u00a0Milano\u00a0e della sua storia.[1]\u00a0Fu costruito nel\u00a0XV secolo\u00a0da\u00a0Francesco Sforza, divenuto da poco\u00a0Duca di Milano, sui resti di &hellip; <\/p>\n<p class=\"link-more\"><a href=\"https:\/\/numeronove.eu\/?page_id=41\" class=\"more-link\">Leggi tutto<span class=\"screen-reader-text\"> &#8220;CASTELLO SFORZESCO&#8221;<\/span><\/a><\/p>\n","protected":false},"author":1,"featured_media":0,"parent":30,"menu_order":0,"comment_status":"closed","ping_status":"closed","template":"","meta":{"ngg_post_thumbnail":0},"yoast_head":"<!-- This site is optimized with the Yoast SEO plugin v15.1 - https:\/\/yoast.com\/wordpress\/plugins\/seo\/ -->\n<title>CASTELLO SFORZESCO - My CMS<\/title>\n<meta name=\"robots\" content=\"index, follow, max-snippet:-1, max-image-preview:large, max-video-preview:-1\" \/>\n<link rel=\"canonical\" href=\"https:\/\/numeronove.eu\/?page_id=41\" \/>\n<meta property=\"og:locale\" content=\"it_IT\" \/>\n<meta property=\"og:type\" content=\"article\" \/>\n<meta property=\"og:title\" content=\"CASTELLO SFORZESCO - My CMS\" \/>\n<meta property=\"og:description\" content=\"CASTELLO SFORZESCO https:\/\/www.milanocastello.it\/ Il Castello Sforzesco (Castell Sforzesch in dialetto milanese, IPA: [kas\u02c8t\u025bl sfur\u02c8\u02a6esk]) \u00e8 uno dei principali simboli di Milano e della sua storia Da Wikipedia, l\u2019enciclopedia libera. Il\u00a0Castello Sforzesco\u00a0(Castell Sforzesch\u00a0in\u00a0dialetto milanese,\u00a0IPA:\u00a0[kas\u02c8t\u025bl sfur\u02c8\u02a6esk]) \u00e8 uno dei principali simboli di\u00a0Milano\u00a0e della sua storia.[1]\u00a0Fu costruito nel\u00a0XV secolo\u00a0da\u00a0Francesco Sforza, divenuto da poco\u00a0Duca di Milano, sui resti di &hellip; Leggi tutto &quot;CASTELLO SFORZESCO&quot;\" \/>\n<meta property=\"og:url\" content=\"https:\/\/numeronove.eu\/?page_id=41\" \/>\n<meta property=\"og:site_name\" content=\"My CMS\" \/>\n<meta property=\"article:publisher\" content=\"https:\/\/www.facebook.com\/casavacanzanumeronove\/\" \/>\n<meta property=\"og:image\" content=\"http:\/\/www.greyrooms.it\/wp-content\/uploads\/2017\/06\/Castello-Sforzesco.png\" \/>\n<meta name=\"twitter:card\" content=\"summary_large_image\" \/>\n<script type=\"application\/ld+json\" class=\"yoast-schema-graph\">{\"@context\":\"https:\/\/schema.org\",\"@graph\":[{\"@type\":\"Organization\",\"@id\":\"https:\/\/numeronove.eu\/#organization\",\"name\":\"numeronove.eu\",\"url\":\"https:\/\/numeronove.eu\/\",\"sameAs\":[\"https:\/\/www.facebook.com\/casavacanzanumeronove\/\"],\"logo\":{\"@type\":\"ImageObject\",\"@id\":\"https:\/\/numeronove.eu\/#logo\",\"inLanguage\":\"it-IT\",\"url\":\"https:\/\/numeronove.eu\/wp-content\/uploads\/2018\/06\/nuovo-logo-senza-quadratini-1.png\",\"width\":477,\"height\":292,\"caption\":\"numeronove.eu\"},\"image\":{\"@id\":\"https:\/\/numeronove.eu\/#logo\"}},{\"@type\":\"WebSite\",\"@id\":\"https:\/\/numeronove.eu\/#website\",\"url\":\"https:\/\/numeronove.eu\/\",\"name\":\"My CMS\",\"description\":\"Via Varese 9 \\u2013 20832 DESIO (MB) Email: info@numeronove.eu Tel. +39 349 5262553 Web site: www.numeronove.eu\",\"publisher\":{\"@id\":\"https:\/\/numeronove.eu\/#organization\"},\"potentialAction\":[{\"@type\":\"SearchAction\",\"target\":\"https:\/\/numeronove.eu\/?s={search_term_string}\",\"query-input\":\"required name=search_term_string\"}],\"inLanguage\":\"it-IT\"},{\"@type\":\"ImageObject\",\"@id\":\"https:\/\/numeronove.eu\/?page_id=41#primaryimage\",\"inLanguage\":\"it-IT\",\"url\":\"http:\/\/www.greyrooms.it\/wp-content\/uploads\/2017\/06\/Castello-Sforzesco.png\"},{\"@type\":\"WebPage\",\"@id\":\"https:\/\/numeronove.eu\/?page_id=41#webpage\",\"url\":\"https:\/\/numeronove.eu\/?page_id=41\",\"name\":\"CASTELLO SFORZESCO - My CMS\",\"isPartOf\":{\"@id\":\"https:\/\/numeronove.eu\/#website\"},\"primaryImageOfPage\":{\"@id\":\"https:\/\/numeronove.eu\/?page_id=41#primaryimage\"},\"datePublished\":\"2018-05-15T19:25:14+00:00\",\"dateModified\":\"2018-05-15T19:25:14+00:00\",\"inLanguage\":\"it-IT\",\"potentialAction\":[{\"@type\":\"ReadAction\",\"target\":[\"https:\/\/numeronove.eu\/?page_id=41\"]}]}]}<\/script>\n<!-- \/ Yoast SEO plugin. -->","_links":{"self":[{"href":"https:\/\/numeronove.eu\/index.php?rest_route=\/wp\/v2\/pages\/41"}],"collection":[{"href":"https:\/\/numeronove.eu\/index.php?rest_route=\/wp\/v2\/pages"}],"about":[{"href":"https:\/\/numeronove.eu\/index.php?rest_route=\/wp\/v2\/types\/page"}],"author":[{"embeddable":true,"href":"https:\/\/numeronove.eu\/index.php?rest_route=\/wp\/v2\/users\/1"}],"replies":[{"embeddable":true,"href":"https:\/\/numeronove.eu\/index.php?rest_route=%2Fwp%2Fv2%2Fcomments&post=41"}],"version-history":[{"count":1,"href":"https:\/\/numeronove.eu\/index.php?rest_route=\/wp\/v2\/pages\/41\/revisions"}],"predecessor-version":[{"id":42,"href":"https:\/\/numeronove.eu\/index.php?rest_route=\/wp\/v2\/pages\/41\/revisions\/42"}],"up":[{"embeddable":true,"href":"https:\/\/numeronove.eu\/index.php?rest_route=\/wp\/v2\/pages\/30"}],"wp:attachment":[{"href":"https:\/\/numeronove.eu\/index.php?rest_route=%2Fwp%2Fv2%2Fmedia&parent=41"}],"curies":[{"name":"wp","href":"https:\/\/api.w.org\/{rel}","templated":true}]}}